{"id":10,"date":"2013-11-25T21:37:36","date_gmt":"2013-11-25T19:37:36","guid":{"rendered":"http:\/\/casa.the-movement.eu\/?page_id=10"},"modified":"2018-07-24T07:16:55","modified_gmt":"2018-07-24T05:16:55","slug":"ueber-lagos","status":"publish","type":"page","link":"https:\/\/casa.the-movement.eu\/?page_id=10","title":{"rendered":"\u00dcber Lagos"},"content":{"rendered":"<p><!--:de-->Lagos ist eine kleine, malerische Hafenstadt direkt am Meer an der portugiesischen Algarvek\u00fcste.<br \/>\nVor 500 Jahren segelten von hier aus die Schiffe Heinrich des Seefahrers \u00fcber das weite Meer, um neue Welten zu entdecken. Entdecken Sie hier auch f\u00fcr sich Ihre neue Welt der Romantik in wundersch\u00f6ner Natur, Kultur und Geschichte.<\/p>\n<p><strong>Kultur, Lage und Sehensw\u00fcrdigkeiten:<\/strong><\/p>\n<p>Lagos, Lage und Anbindung:<br \/>\nLagos liegt etwa 30 km \u00f6stlich von Cabo de S\u00e3o Vicente, dem s\u00fcdwestlichsten Punkt Europas nahe Sagres. Die Hafenstadt und der Flughafen Faro (89 km) und die Landeshauptstadt Lissabon mit historischer Altstadt und zahlreichen Kulturdenkm\u00e4lern (275 km) sind auf gut ausgebauten Autobahnen von Lagos aus leicht erreichbar.<\/p>\n<p>Kultur und Charme:<br \/>\nDie sehr gut erhaltene und gem\u00fctliche Altstadt bietet dem Besucher neben historischen Sehensw\u00fcrdigkeiten kulturelle Einrichtungen, Restaurants, Caf\u00e9s und Einkaufsm\u00f6glichkeiten aller Art.<\/p>\n<p>Mit individuellen Segelschiffen und Motorseglern kann man die K\u00fcste erkunden, atemberaubende Grottenfahrten durchf\u00fchren oder auch stille Buchten ansteuern.<\/p>\n<p>Erkundungen:<br \/>\nDie Sehensw\u00fcrdigkeiten in der n\u00e4heren und weiteren Umgebung, wie z.B. der o.g. s\u00fcdwestlichste Punkt Europas in Sagres, die Ritterburg in Silves, die Heilquellen im Monchique-Gebirge und weiter bis hin zur Landeshauptstadt Lissabon laden zu inspirierenden Ausfl\u00fcgen ein.<\/p>\n<p><a href=\"http:\/\/casa.the-movement.eu\/wp-content\/uploads\/2013\/11\/P1100899.jpg\"><img loading=\"lazy\" class=\"alignnone size-thumbnail wp-image-86\" src=\"http:\/\/casa.the-movement.eu\/wp-content\/uploads\/2013\/11\/P1100899-150x150.jpg\" alt=\"Lagos\" width=\"150\" height=\"150\" srcset=\"https:\/\/casa.the-movement.eu\/wp-content\/uploads\/2013\/11\/P1100899-150x150.jpg 150w, https:\/\/casa.the-movement.eu\/wp-content\/uploads\/2013\/11\/P1100899-225x225.jpg 225w, https:\/\/casa.the-movement.eu\/wp-content\/uploads\/2013\/11\/P1100899-75x75.jpg 75w\" sizes=\"(max-width: 150px) 100vw, 150px\" \/><\/a> <a href=\"http:\/\/casa.the-movement.eu\/wp-content\/uploads\/2013\/11\/P1130856-001.jpg\"><img loading=\"lazy\" class=\"alignnone size-thumbnail wp-image-106\" src=\"http:\/\/casa.the-movement.eu\/wp-content\/uploads\/2013\/11\/P1130856-001-150x150.jpg\" alt=\"Lagos\" width=\"150\" height=\"150\" srcset=\"https:\/\/casa.the-movement.eu\/wp-content\/uploads\/2013\/11\/P1130856-001-150x150.jpg 150w, https:\/\/casa.the-movement.eu\/wp-content\/uploads\/2013\/11\/P1130856-001-225x225.jpg 225w, https:\/\/casa.the-movement.eu\/wp-content\/uploads\/2013\/11\/P1130856-001-75x75.jpg 75w\" sizes=\"(max-width: 150px) 100vw, 150px\" \/> <\/a><a href=\"http:\/\/casa.the-movement.eu\/wp-content\/uploads\/2013\/11\/P1140411.jpg\"><img loading=\"lazy\" class=\"alignnone size-thumbnail wp-image-90\" src=\"http:\/\/casa.the-movement.eu\/wp-content\/uploads\/2013\/11\/P1140411-150x150.jpg\" alt=\"Lagos\" width=\"150\" height=\"150\" srcset=\"https:\/\/casa.the-movement.eu\/wp-content\/uploads\/2013\/11\/P1140411-150x150.jpg 150w, https:\/\/casa.the-movement.eu\/wp-content\/uploads\/2013\/11\/P1140411-225x225.jpg 225w, https:\/\/casa.the-movement.eu\/wp-content\/uploads\/2013\/11\/P1140411-75x75.jpg 75w\" sizes=\"(max-width: 150px) 100vw, 150px\" \/><\/a> <a href=\"http:\/\/casa.the-movement.eu\/wp-content\/uploads\/2013\/11\/SAM_1961.jpg\"><img loading=\"lazy\" class=\"alignnone size-thumbnail wp-image-130\" src=\"http:\/\/casa.the-movement.eu\/wp-content\/uploads\/2013\/11\/SAM_1961-e1386704730550-150x150.jpg\" alt=\"Lagos\" width=\"150\" height=\"150\" srcset=\"https:\/\/casa.the-movement.eu\/wp-content\/uploads\/2013\/11\/SAM_1961-e1386704730550-150x150.jpg 150w, https:\/\/casa.the-movement.eu\/wp-content\/uploads\/2013\/11\/SAM_1961-e1386704730550-300x300.jpg 300w, https:\/\/casa.the-movement.eu\/wp-content\/uploads\/2013\/11\/SAM_1961-e1386704730550.jpg 480w\" sizes=\"(max-width: 150px) 100vw, 150px\" \/><\/a> <a href=\"http:\/\/casa.the-movement.eu\/wp-content\/uploads\/2013\/11\/11-Was-ist-st\u00e4rker-Wasser-oder-Stein-001.jpg\"><img loading=\"lazy\" class=\"alignnone size-thumbnail wp-image-139\" src=\"http:\/\/casa.the-movement.eu\/wp-content\/uploads\/2013\/11\/11-Was-ist-st\u00e4rker-Wasser-oder-Stein-001-150x150.jpg\" alt=\"Lagos\" width=\"150\" height=\"150\" srcset=\"https:\/\/casa.the-movement.eu\/wp-content\/uploads\/2013\/11\/11-Was-ist-st\u00e4rker-Wasser-oder-Stein-001-150x150.jpg 150w, https:\/\/casa.the-movement.eu\/wp-content\/uploads\/2013\/11\/11-Was-ist-st\u00e4rker-Wasser-oder-Stein-001-225x225.jpg 225w, https:\/\/casa.the-movement.eu\/wp-content\/uploads\/2013\/11\/11-Was-ist-st\u00e4rker-Wasser-oder-Stein-001-75x75.jpg 75w\" sizes=\"(max-width: 150px) 100vw, 150px\" \/><\/a> <a href=\"http:\/\/casa.the-movement.eu\/wp-content\/uploads\/2013\/11\/SAM_2434.jpg\"><img loading=\"lazy\" class=\"alignnone size-thumbnail wp-image-151\" src=\"http:\/\/casa.the-movement.eu\/wp-content\/uploads\/2013\/11\/SAM_2434-150x150.jpg\" alt=\"Lagos\" width=\"150\" height=\"150\" srcset=\"https:\/\/casa.the-movement.eu\/wp-content\/uploads\/2013\/11\/SAM_2434-150x150.jpg 150w, https:\/\/casa.the-movement.eu\/wp-content\/uploads\/2013\/11\/SAM_2434-225x225.jpg 225w, https:\/\/casa.the-movement.eu\/wp-content\/uploads\/2013\/11\/SAM_2434-75x75.jpg 75w\" sizes=\"(max-width: 150px) 100vw, 150px\" \/><\/a> <a href=\"http:\/\/casa.the-movement.eu\/wp-content\/uploads\/2013\/11\/SAM_2446.jpg\"><img loading=\"lazy\" class=\"alignnone size-thumbnail wp-image-155\" src=\"http:\/\/casa.the-movement.eu\/wp-content\/uploads\/2013\/11\/SAM_2446-150x150.jpg\" alt=\"Lagos\" width=\"150\" height=\"150\" srcset=\"https:\/\/casa.the-movement.eu\/wp-content\/uploads\/2013\/11\/SAM_2446-150x150.jpg 150w, https:\/\/casa.the-movement.eu\/wp-content\/uploads\/2013\/11\/SAM_2446-225x225.jpg 225w, https:\/\/casa.the-movement.eu\/wp-content\/uploads\/2013\/11\/SAM_2446-75x75.jpg 75w\" sizes=\"(max-width: 150px) 100vw, 150px\" \/><\/a> <a href=\"http:\/\/casa.the-movement.eu\/wp-content\/uploads\/2013\/11\/IMG_3684.jpg\"><img loading=\"lazy\" class=\"alignnone size-thumbnail wp-image-172\" src=\"http:\/\/casa.the-movement.eu\/wp-content\/uploads\/2013\/11\/IMG_3684-150x150.jpg\" alt=\"Lagos\" width=\"150\" height=\"150\" srcset=\"https:\/\/casa.the-movement.eu\/wp-content\/uploads\/2013\/11\/IMG_3684-150x150.jpg 150w, https:\/\/casa.the-movement.eu\/wp-content\/uploads\/2013\/11\/IMG_3684-225x225.jpg 225w, https:\/\/casa.the-movement.eu\/wp-content\/uploads\/2013\/11\/IMG_3684-75x75.jpg 75w\" sizes=\"(max-width: 150px) 100vw, 150px\" \/><\/a> <a href=\"http:\/\/casa.the-movement.eu\/wp-content\/uploads\/2013\/11\/P1140068.jpg\"><img loading=\"lazy\" class=\"alignnone size-thumbnail wp-image-190\" src=\"http:\/\/casa.the-movement.eu\/wp-content\/uploads\/2013\/11\/P1140068-150x150.jpg\" alt=\"P1140068\" width=\"150\" height=\"150\" srcset=\"https:\/\/casa.the-movement.eu\/wp-content\/uploads\/2013\/11\/P1140068-150x150.jpg 150w, https:\/\/casa.the-movement.eu\/wp-content\/uploads\/2013\/11\/P1140068-225x225.jpg 225w, https:\/\/casa.the-movement.eu\/wp-content\/uploads\/2013\/11\/P1140068-75x75.jpg 75w\" sizes=\"(max-width: 150px) 100vw, 150px\" \/><\/a> <a href=\"http:\/\/casa.the-movement.eu\/wp-content\/uploads\/2013\/11\/P1120014.jpg\"><img loading=\"lazy\" class=\"alignnone size-thumbnail wp-image-193\" src=\"http:\/\/casa.the-movement.eu\/wp-content\/uploads\/2013\/11\/P1120014-150x150.jpg\" alt=\"Lagos\" width=\"150\" height=\"150\" srcset=\"https:\/\/casa.the-movement.eu\/wp-content\/uploads\/2013\/11\/P1120014-150x150.jpg 150w, https:\/\/casa.the-movement.eu\/wp-content\/uploads\/2013\/11\/P1120014-225x225.jpg 225w, https:\/\/casa.the-movement.eu\/wp-content\/uploads\/2013\/11\/P1120014-75x75.jpg 75w\" sizes=\"(max-width: 150px) 100vw, 150px\" \/><\/a><!--:--><!--:en--><!--:--><\/p>\n","protected":false},"excerpt":{"rendered":"<p>Lagos ist eine kleine, malerische Hafenstadt direkt am Meer an der portugiesischen Algarvek\u00fcste. Vor 500 Jahren segelten von hier aus die Schiffe Heinrich des Seefahrers \u00fcber das weite Meer, um neue Welten zu entdecken. Entdecken Sie hier auch f\u00fcr sich Ihre neue Welt der Romantik in wundersch\u00f6ner Natur, Kultur und<\/p>\n","protected":false},"author":1,"featured_media":0,"parent":0,"menu_order":0,"comment_status":"closed","ping_status":"closed","template":"","meta":[],"_links":{"self":[{"href":"https:\/\/casa.the-movement.eu\/index.php?rest_route=\/wp\/v2\/pages\/10"}],"collection":[{"href":"https:\/\/casa.the-movement.eu\/index.php?rest_route=\/wp\/v2\/pages"}],"about":[{"href":"https:\/\/casa.the-movement.eu\/index.php?rest_route=\/wp\/v2\/types\/page"}],"author":[{"embeddable":true,"href":"https:\/\/casa.the-movement.eu\/index.php?rest_route=\/wp\/v2\/users\/1"}],"replies":[{"embeddable":true,"href":"https:\/\/casa.the-movement.eu\/index.php?rest_route=%2Fwp%2Fv2%2Fcomments&post=10"}],"version-history":[{"count":39,"href":"https:\/\/casa.the-movement.eu\/index.php?rest_route=\/wp\/v2\/pages\/10\/revisions"}],"predecessor-version":[{"id":212,"href":"https:\/\/casa.the-movement.eu\/index.php?rest_route=\/wp\/v2\/pages\/10\/revisions\/212"}],"wp:attachment":[{"href":"https:\/\/casa.the-movement.eu\/index.php?rest_route=%2Fwp%2Fv2%2Fmedia&parent=10"}],"curies":[{"name":"wp","href":"https:\/\/api.w.org\/{rel}","templated":true}]}}