{"id":209,"date":"2018-07-24T07:18:17","date_gmt":"2018-07-24T05:18:17","guid":{"rendered":"http:\/\/casa.the-movement.eu\/?page_id=209"},"modified":"2018-07-24T07:18:17","modified_gmt":"2018-07-24T05:18:17","slug":"das-haus-2","status":"publish","type":"page","link":"https:\/\/casa.the-movement.eu\/?page_id=209","title":{"rendered":"Das Haus"},"content":{"rendered":"<p><!--:de-->Stilvolles Haus in zentraler Lage, Fu\u00dfg\u00e4ngerzone,<br \/>\nin der Altstadt von Lagos<br \/>\n<strong><br \/>\nR\u00e4umlichkeiten und Ausstattung<\/strong><\/p>\n<p>80-100 qm\u00b2 gro\u00dfe Wohnungen mit je zwei Schlafzimmern,<br \/>\nBad und K\u00fcche und einem ger\u00e4umigen Aufenthaltsraum, z.T. mit Kamin<\/p>\n<p>Bettw\u00e4sche und Handt\u00fccher werden gestellt,<br \/>\nWaschmaschine im Haus ist vorhanden<\/p>\n<p>Weitere Ausstattungsdetails:<\/p>\n<p>Elektro-Heizung, TV, Internet\/WLan<br \/>\nK\u00fchlschrank, Herd, Kaffeemaschine, Toaster, Wasserkocher<\/p>\n<p>Preise:<\/p>\n<p>Nach Vereinbarung,<br \/>\nje nach Saison ca. 55,- bis 85,- \u20ac<br \/>\nim Doppelzimmer\/Nacht<\/p>\n<p><a href=\"http:\/\/casa.the-movement.eu\/wp-content\/uploads\/2013\/11\/IMG_2967.jpg\"><img loading=\"lazy\" class=\"alignnone size-thumbnail wp-image-93\" src=\"http:\/\/casa.the-movement.eu\/wp-content\/uploads\/2013\/11\/IMG_2967-150x150.jpg\" alt=\"Casa\" width=\"150\" height=\"150\" srcset=\"https:\/\/casa.the-movement.eu\/wp-content\/uploads\/2013\/11\/IMG_2967-150x150.jpg 150w, https:\/\/casa.the-movement.eu\/wp-content\/uploads\/2013\/11\/IMG_2967-225x225.jpg 225w, https:\/\/casa.the-movement.eu\/wp-content\/uploads\/2013\/11\/IMG_2967-75x75.jpg 75w\" sizes=\"(max-width: 150px) 100vw, 150px\" \/><\/a> <a href=\"http:\/\/casa.the-movement.eu\/wp-content\/uploads\/2013\/11\/Esstisch.jpg\"><img loading=\"lazy\" class=\"alignnone size-thumbnail wp-image-97\" src=\"http:\/\/casa.the-movement.eu\/wp-content\/uploads\/2013\/11\/Esstisch-150x150.jpg\" alt=\"Casa\" width=\"150\" height=\"150\" srcset=\"https:\/\/casa.the-movement.eu\/wp-content\/uploads\/2013\/11\/Esstisch-150x150.jpg 150w, https:\/\/casa.the-movement.eu\/wp-content\/uploads\/2013\/11\/Esstisch-225x225.jpg 225w, https:\/\/casa.the-movement.eu\/wp-content\/uploads\/2013\/11\/Esstisch-75x75.jpg 75w\" sizes=\"(max-width: 150px) 100vw, 150px\" \/><\/a> <a href=\"http:\/\/casa.the-movement.eu\/wp-content\/uploads\/2013\/11\/Kaminzimmer1.jpg\"><img loading=\"lazy\" class=\"alignnone size-thumbnail wp-image-100\" src=\"http:\/\/casa.the-movement.eu\/wp-content\/uploads\/2013\/11\/Kaminzimmer1-150x150.jpg\" alt=\"Casa\" width=\"150\" height=\"150\" srcset=\"https:\/\/casa.the-movement.eu\/wp-content\/uploads\/2013\/11\/Kaminzimmer1-150x150.jpg 150w, https:\/\/casa.the-movement.eu\/wp-content\/uploads\/2013\/11\/Kaminzimmer1-225x225.jpg 225w, https:\/\/casa.the-movement.eu\/wp-content\/uploads\/2013\/11\/Kaminzimmer1-75x75.jpg 75w\" sizes=\"(max-width: 150px) 100vw, 150px\" \/><\/a> <a href=\"http:\/\/casa.the-movement.eu\/wp-content\/uploads\/2013\/11\/SAM_2722-2.jpg\"><img loading=\"lazy\" class=\"alignnone size-thumbnail wp-image-102\" src=\"http:\/\/casa.the-movement.eu\/wp-content\/uploads\/2013\/11\/SAM_2722-2-150x150.jpg\" alt=\"Casa\" width=\"150\" height=\"150\" srcset=\"https:\/\/casa.the-movement.eu\/wp-content\/uploads\/2013\/11\/SAM_2722-2-150x150.jpg 150w, https:\/\/casa.the-movement.eu\/wp-content\/uploads\/2013\/11\/SAM_2722-2-225x225.jpg 225w, https:\/\/casa.the-movement.eu\/wp-content\/uploads\/2013\/11\/SAM_2722-2-75x75.jpg 75w\" sizes=\"(max-width: 150px) 100vw, 150px\" \/><\/a> <a href=\"http:\/\/casa.the-movement.eu\/wp-content\/uploads\/2013\/11\/Blick-von-der-Terrasse1-002.jpg\"><img loading=\"lazy\" class=\"alignnone size-thumbnail wp-image-104\" src=\"http:\/\/casa.the-movement.eu\/wp-content\/uploads\/2013\/11\/Blick-von-der-Terrasse1-002-150x150.jpg\" alt=\"Casa\" width=\"150\" height=\"150\" srcset=\"https:\/\/casa.the-movement.eu\/wp-content\/uploads\/2013\/11\/Blick-von-der-Terrasse1-002-150x150.jpg 150w, https:\/\/casa.the-movement.eu\/wp-content\/uploads\/2013\/11\/Blick-von-der-Terrasse1-002-225x225.jpg 225w, https:\/\/casa.the-movement.eu\/wp-content\/uploads\/2013\/11\/Blick-von-der-Terrasse1-002-75x75.jpg 75w\" sizes=\"(max-width: 150px) 100vw, 150px\" \/><\/a> <a href=\"http:\/\/casa.the-movement.eu\/wp-content\/uploads\/2013\/11\/P1110011.jpg\"><img loading=\"lazy\" class=\"alignnone size-thumbnail wp-image-133\" src=\"http:\/\/casa.the-movement.eu\/wp-content\/uploads\/2013\/11\/P1110011-150x150.jpg\" alt=\"Casa\" width=\"150\" height=\"150\" srcset=\"https:\/\/casa.the-movement.eu\/wp-content\/uploads\/2013\/11\/P1110011-150x150.jpg 150w, https:\/\/casa.the-movement.eu\/wp-content\/uploads\/2013\/11\/P1110011-225x225.jpg 225w, https:\/\/casa.the-movement.eu\/wp-content\/uploads\/2013\/11\/P1110011-75x75.jpg 75w\" sizes=\"(max-width: 150px) 100vw, 150px\" \/><\/a> <a href=\"http:\/\/casa.the-movement.eu\/wp-content\/uploads\/2013\/11\/SAM_2540.jpg\"><img loading=\"lazy\" class=\"alignnone size-thumbnail wp-image-142\" src=\"http:\/\/casa.the-movement.eu\/wp-content\/uploads\/2013\/11\/SAM_2540-150x150.jpg\" alt=\"Casa\" width=\"150\" height=\"150\" srcset=\"https:\/\/casa.the-movement.eu\/wp-content\/uploads\/2013\/11\/SAM_2540-150x150.jpg 150w, https:\/\/casa.the-movement.eu\/wp-content\/uploads\/2013\/11\/SAM_2540-225x225.jpg 225w, https:\/\/casa.the-movement.eu\/wp-content\/uploads\/2013\/11\/SAM_2540-75x75.jpg 75w\" sizes=\"(max-width: 150px) 100vw, 150px\" \/><\/a> <a href=\"http:\/\/casa.the-movement.eu\/wp-content\/uploads\/2013\/11\/SAM_1849.jpg\"><img loading=\"lazy\" class=\"alignnone size-thumbnail wp-image-145\" src=\"http:\/\/casa.the-movement.eu\/wp-content\/uploads\/2013\/11\/SAM_1849-150x150.jpg\" alt=\"Casa\" width=\"150\" height=\"150\" srcset=\"https:\/\/casa.the-movement.eu\/wp-content\/uploads\/2013\/11\/SAM_1849-150x150.jpg 150w, https:\/\/casa.the-movement.eu\/wp-content\/uploads\/2013\/11\/SAM_1849-225x225.jpg 225w, https:\/\/casa.the-movement.eu\/wp-content\/uploads\/2013\/11\/SAM_1849-75x75.jpg 75w\" sizes=\"(max-width: 150px) 100vw, 150px\" \/><\/a> <a href=\"http:\/\/casa.the-movement.eu\/wp-content\/uploads\/2013\/11\/SAM_1871.jpg\"><img loading=\"lazy\" class=\"alignnone size-thumbnail wp-image-148\" src=\"http:\/\/casa.the-movement.eu\/wp-content\/uploads\/2013\/11\/SAM_1871-150x150.jpg\" alt=\"Casa\" width=\"150\" height=\"150\" srcset=\"https:\/\/casa.the-movement.eu\/wp-content\/uploads\/2013\/11\/SAM_1871-150x150.jpg 150w, https:\/\/casa.the-movement.eu\/wp-content\/uploads\/2013\/11\/SAM_1871-225x225.jpg 225w, https:\/\/casa.the-movement.eu\/wp-content\/uploads\/2013\/11\/SAM_1871-75x75.jpg 75w\" sizes=\"(max-width: 150px) 100vw, 150px\" \/><\/a> <a href=\"http:\/\/casa.the-movement.eu\/wp-content\/uploads\/2013\/11\/IMG_4808.jpg\"><img loading=\"lazy\" class=\"alignnone size-thumbnail wp-image-186\" src=\"http:\/\/casa.the-movement.eu\/wp-content\/uploads\/2013\/11\/IMG_4808-150x150.jpg\" alt=\"Casa\" width=\"150\" height=\"150\" srcset=\"https:\/\/casa.the-movement.eu\/wp-content\/uploads\/2013\/11\/IMG_4808-150x150.jpg 150w, https:\/\/casa.the-movement.eu\/wp-content\/uploads\/2013\/11\/IMG_4808-225x225.jpg 225w, https:\/\/casa.the-movement.eu\/wp-content\/uploads\/2013\/11\/IMG_4808-548x550.jpg 548w, https:\/\/casa.the-movement.eu\/wp-content\/uploads\/2013\/11\/IMG_4808-75x75.jpg 75w\" sizes=\"(max-width: 150px) 100vw, 150px\" \/><\/a><!--:--><!--:en--><!--:--><\/p>\n","protected":false},"excerpt":{"rendered":"<p>Stilvolles Haus in zentraler Lage, Fu\u00dfg\u00e4ngerzone, in der Altstadt von Lagos R\u00e4umlichkeiten und Ausstattung 80-100 qm\u00b2 gro\u00dfe Wohnungen mit je zwei Schlafzimmern, Bad und K\u00fcche und einem ger\u00e4umigen Aufenthaltsraum, z.T. mit Kamin Bettw\u00e4sche und Handt\u00fccher werden gestellt, Waschmaschine im Haus ist vorhanden Weitere Ausstattungsdetails: Elektro-Heizung, TV, Internet\/WLan K\u00fchlschrank, Herd, Kaffeemaschine,<\/p>\n","protected":false},"author":1,"featured_media":0,"parent":0,"menu_order":0,"comment_status":"closed","ping_status":"closed","template":"","meta":[],"_links":{"self":[{"href":"https:\/\/casa.the-movement.eu\/index.php?rest_route=\/wp\/v2\/pages\/209"}],"collection":[{"href":"https:\/\/casa.the-movement.eu\/index.php?rest_route=\/wp\/v2\/pages"}],"about":[{"href":"https:\/\/casa.the-movement.eu\/index.php?rest_route=\/wp\/v2\/types\/page"}],"author":[{"embeddable":true,"href":"https:\/\/casa.the-movement.eu\/index.php?rest_route=\/wp\/v2\/users\/1"}],"replies":[{"embeddable":true,"href":"https:\/\/casa.the-movement.eu\/index.php?rest_route=%2Fwp%2Fv2%2Fcomments&post=209"}],"version-history":[{"count":1,"href":"https:\/\/casa.the-movement.eu\/index.php?rest_route=\/wp\/v2\/pages\/209\/revisions"}],"predecessor-version":[{"id":214,"href":"https:\/\/casa.the-movement.eu\/index.php?rest_route=\/wp\/v2\/pages\/209\/revisions\/214"}],"wp:attachment":[{"href":"https:\/\/casa.the-movement.eu\/index.php?rest_route=%2Fwp%2Fv2%2Fmedia&parent=209"}],"curies":[{"name":"wp","href":"https:\/\/api.w.org\/{rel}","templated":true}]}}